{"id":87,"date":"2021-02-11T11:32:28","date_gmt":"2021-02-11T11:32:28","guid":{"rendered":"https:\/\/arteconsentido.org\/ciclodemusicos\/?page_id=87"},"modified":"2025-03-16T19:38:20","modified_gmt":"2025-03-16T19:38:20","slug":"presentacion-2","status":"publish","type":"page","link":"https:\/\/arteconsentido.org\/ciclodemusicos\/?page_id=87","title":{"rendered":"Presentaci\u00f3n"},"content":{"rendered":"\n<div style=\"height:132px\" aria-hidden=\"true\" class=\"wp-block-spacer\"><\/div>\n\n\n\n<div class=\"wp-block-columns is-layout-flex wp-container-core-columns-is-layout-28f84493 wp-block-columns-is-layout-flex\">\n<div class=\"wp-block-column is-layout-flow wp-block-column-is-layout-flow\" style=\"flex-basis:5%\"><\/div>\n\n\n\n<div class=\"wp-block-column is-layout-flow wp-block-column-is-layout-flow\" style=\"flex-basis:90%\">\n<p style=\"font-size:35px\" class=\"\"><strong>Sobre el Ciclo<\/strong><\/p>\n\n\n\n<p class=\"\">El Ciclo de M\u00fasicos Espa\u00f1oles se origin\u00f3 como parte de un proyecto llamado ProyectArte creado en 2016 por Paola Arboleda de Arte Con Sentido en Espa\u00f1a y tom\u00f3 forma con las valiosas aportaciones de Pablo \u00c1lvarez de Eulate coordinador de m\u00fasica de AC\/E. <\/p>\n\n\n\n<p class=\"\">Este ciclo va en dos v\u00edas, la primera con M\u00fasicos profesionales espa\u00f1oles o radicados en Espa\u00f1a con un gran nivel de excelencia acad\u00e9mica que visitar\u00e1n el pa\u00eds al que se dirige el ciclo. La segunda v\u00eda es con j\u00f3venes talentos que son seleccionados por estos m\u00fasicos en su pa\u00eds de origen para recibir becas de perfeccionamiento en Espa\u00f1a.<\/p>\n\n\n\n<p style=\"font-size:35px\" class=\"\">\u00bfEn qu\u00e9 Consiste?<\/p>\n\n\n\n<p class=\"\">El Ciclo propone m\u00fasicos espa\u00f1oles para visitar un pa\u00eds iberoamericano en representaci\u00f3n de instituciones del \u00e1mbito musical muy relevantes a nivel internacional con sede en Espa\u00f1a. Estos m\u00fasicos llevan a cabo conciertos ya sea como solistas o en colaboraci\u00f3n con m\u00fasicos locales y\/o orquestas del pa\u00eds que se visita, en espacios importantes a nivel cultural, masterclasses, conferencias, talleres y audiciones a j\u00f3venes talentos.<\/p>\n\n\n\n<p class=\"\">Una vez finaliza el Ciclo de M\u00fasicos Espa\u00f1oles, se organiza con los j\u00f3venes talentos seleccionados por estos m\u00fasicos en las audiciones, diversas actividades en Espa\u00f1a con ellos, donde seg\u00fan el nivel encontrado en las audiciones, podr\u00e1n llevar a cabo conciertos en importantes auditorios espa\u00f1oles y\/o conseguir una beca de perfeccionamiento en la instituci\u00f3n en Espa\u00f1a que representa el m\u00fasico que le ha Seleccionado.<\/p>\n\n\n\n<p style=\"font-size:35px\" class=\"\">Nuestra Misi\u00f3n<\/p>\n\n\n\n<p class=\"\">Promover el aporte de m\u00fasicos espa\u00f1oles al panorama de la m\u00fasica en Iberoam\u00e9rica dando a conocer la m\u00fasica espa\u00f1ola a trav\u00e9s de sus creadores y el estilo interpretativo de los m\u00fasicos espa\u00f1oles del ciclo, creando sinergias que permitan continuar colaborando a futuro en nuevos proyectos art\u00edsticos.<br>Se busca que profesionales de la m\u00fasica en Espa\u00f1a e instituciones se comprometan a aportar sus conocimientos y experiencia para ayudar a J\u00f3venes talentos, en los pa\u00edses a los que se dirija el ciclo, en su carrera musical y apoyar en la inclusi\u00f3n social de j\u00f3venes y ni\u00f1os en situaci\u00f3n de vulnerabilidad a trav\u00e9s de la m\u00fasica, como instrumento inspiracional y motivador.<\/p>\n<\/div>\n\n\n\n<div class=\"wp-block-column is-layout-flow wp-block-column-is-layout-flow\" style=\"flex-basis:5%\"><\/div>\n<\/div>\n\n\n\n<div class=\"wp-block-columns is-layout-flex wp-container-core-columns-is-layout-28f84493 wp-block-columns-is-layout-flex\">\n<div class=\"wp-block-column is-layout-flow wp-block-column-is-layout-flow\">\n<div style=\"height:25px\" aria-hidden=\"true\" class=\"wp-block-spacer\"><\/div>\n<\/div>\n<\/div>\n\n\n\n<h2 class=\"wp-block-heading has-text-align-center has-white-color has-text-color\">Instituciones Participantes  en Espa\u00f1a<\/h2>\n\n\n\n<div style=\"height:15px\" aria-hidden=\"true\" class=\"wp-block-spacer\"><\/div>\n\n\n\n<div class=\"wp-block-columns is-layout-flex wp-container-core-columns-is-layout-28f84493 wp-block-columns-is-layout-flex\">\n<div class=\"wp-block-column is-layout-flow wp-block-column-is-layout-flow\">\n<figure class=\"wp-block-image aligncenter size-large is-resized\"><img data-recalc-dims=\"1\" fetchpriority=\"high\" decoding=\"async\" width=\"400\" height=\"250\" src=\"https:\/\/i0.wp.com\/arteconsentido.org\/ciclodemusicos\/wp-content\/uploads\/2021\/03\/RCSMM_sW.png?resize=400%2C250&#038;ssl=1\" alt=\"\" class=\"wp-image-394\" style=\"width:344px;height:auto\" srcset=\"https:\/\/i0.wp.com\/arteconsentido.org\/ciclodemusicos\/wp-content\/uploads\/2021\/03\/RCSMM_sW.png?w=400&amp;ssl=1 400w, https:\/\/i0.wp.com\/arteconsentido.org\/ciclodemusicos\/wp-content\/uploads\/2021\/03\/RCSMM_sW.png?resize=300%2C188&amp;ssl=1 300w\" sizes=\"(max-width: 400px) 100vw, 400px\" \/><\/figure>\n<\/div>\n\n\n\n<div class=\"wp-block-column is-layout-flow wp-block-column-is-layout-flow\">\n<p class=\"\"><\/p>\n\n\n\n<figure class=\"wp-block-image size-full\"><img data-recalc-dims=\"1\" decoding=\"async\" width=\"900\" height=\"171\" src=\"https:\/\/i0.wp.com\/arteconsentido.org\/ciclodemusicos\/wp-content\/uploads\/2025\/03\/EscuelaSuperiorDeMusica-4.jpg?resize=900%2C171&#038;ssl=1\" alt=\"\" class=\"wp-image-792\" srcset=\"https:\/\/i0.wp.com\/arteconsentido.org\/ciclodemusicos\/wp-content\/uploads\/2025\/03\/EscuelaSuperiorDeMusica-4.jpg?w=900&amp;ssl=1 900w, https:\/\/i0.wp.com\/arteconsentido.org\/ciclodemusicos\/wp-content\/uploads\/2025\/03\/EscuelaSuperiorDeMusica-4.jpg?resize=300%2C57&amp;ssl=1 300w, https:\/\/i0.wp.com\/arteconsentido.org\/ciclodemusicos\/wp-content\/uploads\/2025\/03\/EscuelaSuperiorDeMusica-4.jpg?resize=768%2C146&amp;ssl=1 768w\" sizes=\"(max-width: 900px) 100vw, 900px\" \/><\/figure>\n<\/div>\n\n\n\n<div class=\"wp-block-column is-layout-flow wp-block-column-is-layout-flow\">\n<figure class=\"wp-block-image aligncenter size-full is-resized\"><img data-recalc-dims=\"1\" decoding=\"async\" width=\"400\" height=\"250\" src=\"https:\/\/i0.wp.com\/arteconsentido.org\/ciclodemusicos\/wp-content\/uploads\/2025\/03\/KatarinaGurska_w.webp?resize=400%2C250&#038;ssl=1\" alt=\"\" class=\"wp-image-793\" style=\"width:320px;height:auto\" srcset=\"https:\/\/i0.wp.com\/arteconsentido.org\/ciclodemusicos\/wp-content\/uploads\/2025\/03\/KatarinaGurska_w.webp?w=400&amp;ssl=1 400w, https:\/\/i0.wp.com\/arteconsentido.org\/ciclodemusicos\/wp-content\/uploads\/2025\/03\/KatarinaGurska_w.webp?resize=300%2C188&amp;ssl=1 300w\" sizes=\"(max-width: 400px) 100vw, 400px\" \/><\/figure>\n<\/div>\n<\/div>\n\n\n\n<div class=\"wp-block-columns is-layout-flex wp-container-core-columns-is-layout-28f84493 wp-block-columns-is-layout-flex\">\n<div class=\"wp-block-column is-layout-flow wp-block-column-is-layout-flow\">\n<figure class=\"wp-block-image aligncenter size-full is-resized\"><img data-recalc-dims=\"1\" loading=\"lazy\" decoding=\"async\" width=\"567\" height=\"144\" src=\"https:\/\/i0.wp.com\/arteconsentido.org\/ciclodemusicos\/wp-content\/uploads\/2025\/03\/Berklee-Logo-white.png?resize=567%2C144&#038;ssl=1\" alt=\"\" class=\"wp-image-789\" style=\"width:319px;height:auto\" srcset=\"https:\/\/i0.wp.com\/arteconsentido.org\/ciclodemusicos\/wp-content\/uploads\/2025\/03\/Berklee-Logo-white.png?w=567&amp;ssl=1 567w, https:\/\/i0.wp.com\/arteconsentido.org\/ciclodemusicos\/wp-content\/uploads\/2025\/03\/Berklee-Logo-white.png?resize=300%2C76&amp;ssl=1 300w\" sizes=\"(max-width: 567px) 100vw, 567px\" \/><\/figure>\n<\/div>\n\n\n\n<div class=\"wp-block-column is-layout-flow wp-block-column-is-layout-flow\">\n<figure class=\"wp-block-image aligncenter size-large is-resized\"><img data-recalc-dims=\"1\" loading=\"lazy\" decoding=\"async\" width=\"1024\" height=\"228\" src=\"https:\/\/i0.wp.com\/arteconsentido.org\/ciclodemusicos\/wp-content\/uploads\/2025\/03\/SAE-LOGO_CREAT-MEDIA-EDU_WHITE_web-2.png?resize=1024%2C228&#038;ssl=1\" alt=\"\" class=\"wp-image-790\" style=\"width:335px;height:auto\" srcset=\"https:\/\/i0.wp.com\/arteconsentido.org\/ciclodemusicos\/wp-content\/uploads\/2025\/03\/SAE-LOGO_CREAT-MEDIA-EDU_WHITE_web-2.png?resize=1024%2C228&amp;ssl=1 1024w, https:\/\/i0.wp.com\/arteconsentido.org\/ciclodemusicos\/wp-content\/uploads\/2025\/03\/SAE-LOGO_CREAT-MEDIA-EDU_WHITE_web-2.png?resize=300%2C67&amp;ssl=1 300w, https:\/\/i0.wp.com\/arteconsentido.org\/ciclodemusicos\/wp-content\/uploads\/2025\/03\/SAE-LOGO_CREAT-MEDIA-EDU_WHITE_web-2.png?resize=768%2C171&amp;ssl=1 768w, https:\/\/i0.wp.com\/arteconsentido.org\/ciclodemusicos\/wp-content\/uploads\/2025\/03\/SAE-LOGO_CREAT-MEDIA-EDU_WHITE_web-2.png?resize=1536%2C342&amp;ssl=1 1536w, https:\/\/i0.wp.com\/arteconsentido.org\/ciclodemusicos\/wp-content\/uploads\/2025\/03\/SAE-LOGO_CREAT-MEDIA-EDU_WHITE_web-2.png?resize=2048%2C456&amp;ssl=1 2048w, https:\/\/i0.wp.com\/arteconsentido.org\/ciclodemusicos\/wp-content\/uploads\/2025\/03\/SAE-LOGO_CREAT-MEDIA-EDU_WHITE_web-2.png?w=3000&amp;ssl=1 3000w\" sizes=\"(max-width: 1000px) 100vw, 1000px\" \/><\/figure>\n<\/div>\n<\/div>\n\n\n\n<div style=\"height:44px\" aria-hidden=\"true\" class=\"wp-block-spacer\"><\/div>\n\n\n\n<h2 class=\"wp-block-heading has-text-align-center has-white-color has-text-color\">Instituciones Colaboradoras en Espa\u00f1a<\/h2>\n\n\n\n<div style=\"height:28px\" aria-hidden=\"true\" class=\"wp-block-spacer\"><\/div>\n\n\n\n<div class=\"wp-block-columns is-layout-flex wp-container-core-columns-is-layout-28f84493 wp-block-columns-is-layout-flex\">\n<div class=\"wp-block-column is-layout-flow wp-block-column-is-layout-flow\">\n<div class=\"wp-block-columns is-layout-flex wp-container-core-columns-is-layout-28f84493 wp-block-columns-is-layout-flex\">\n<div class=\"wp-block-column is-layout-flow wp-block-column-is-layout-flow\"><\/div>\n\n\n\n<div class=\"wp-block-column is-layout-flow wp-block-column-is-layout-flow\">\n<figure class=\"wp-block-image aligncenter size-large\"><img data-recalc-dims=\"1\" loading=\"lazy\" decoding=\"async\" width=\"400\" height=\"250\" src=\"https:\/\/i0.wp.com\/arteconsentido.org\/ciclodemusicos\/wp-content\/uploads\/2021\/02\/Eutherpe.png?resize=400%2C250&#038;ssl=1\" alt=\"\" class=\"wp-image-148\" srcset=\"https:\/\/i0.wp.com\/arteconsentido.org\/ciclodemusicos\/wp-content\/uploads\/2021\/02\/Eutherpe.png?w=400&amp;ssl=1 400w, https:\/\/i0.wp.com\/arteconsentido.org\/ciclodemusicos\/wp-content\/uploads\/2021\/02\/Eutherpe.png?resize=300%2C188&amp;ssl=1 300w\" sizes=\"(max-width: 400px) 100vw, 400px\" \/><\/figure>\n\n\n\n<p class=\"\"><\/p>\n<\/div>\n<\/div>\n<\/div>\n\n\n\n<div class=\"wp-block-column is-layout-flow wp-block-column-is-layout-flow\">\n<div class=\"wp-block-columns is-layout-flex wp-container-core-columns-is-layout-28f84493 wp-block-columns-is-layout-flex\">\n<div class=\"wp-block-column is-layout-flow wp-block-column-is-layout-flow\">\n<p class=\"\"><\/p>\n\n\n\n<figure class=\"wp-block-image aligncenter size-large is-resized\"><img data-recalc-dims=\"1\" loading=\"lazy\" decoding=\"async\" width=\"1024\" height=\"657\" src=\"https:\/\/i0.wp.com\/arteconsentido.org\/ciclodemusicos\/wp-content\/uploads\/2025\/03\/ace_logo_w-1.png?resize=1024%2C657&#038;ssl=1\" alt=\"\" class=\"wp-image-795\" style=\"width:126px;height:auto\" srcset=\"https:\/\/i0.wp.com\/arteconsentido.org\/ciclodemusicos\/wp-content\/uploads\/2025\/03\/ace_logo_w-1.png?resize=1024%2C657&amp;ssl=1 1024w, https:\/\/i0.wp.com\/arteconsentido.org\/ciclodemusicos\/wp-content\/uploads\/2025\/03\/ace_logo_w-1.png?resize=300%2C192&amp;ssl=1 300w, https:\/\/i0.wp.com\/arteconsentido.org\/ciclodemusicos\/wp-content\/uploads\/2025\/03\/ace_logo_w-1.png?resize=768%2C492&amp;ssl=1 768w, https:\/\/i0.wp.com\/arteconsentido.org\/ciclodemusicos\/wp-content\/uploads\/2025\/03\/ace_logo_w-1.png?w=1508&amp;ssl=1 1508w\" sizes=\"(max-width: 1000px) 100vw, 1000px\" \/><\/figure>\n<\/div>\n\n\n\n<div class=\"wp-block-column is-layout-flow wp-block-column-is-layout-flow\"><\/div>\n<\/div>\n<\/div>\n<\/div>\n\n\n\n<p class=\"\"><\/p>\n","protected":false},"excerpt":{"rendered":"<p>Sobre el Ciclo El Ciclo de M\u00fasicos Espa\u00f1oles se origin\u00f3 como parte de un proyecto llamado ProyectArte creado en 2016 por Paola Arboleda de Arte Con Sentido en Espa\u00f1a y tom\u00f3 forma con las valiosas aportaciones de Pablo \u00c1lvarez de Eulate coordinador de m\u00fasica de AC\/E. Este ciclo va en dos v\u00edas, la primera con [&hellip;]<\/p>\n","protected":false},"author":1,"featured_media":0,"parent":0,"menu_order":0,"comment_status":"closed","ping_status":"closed","template":"","meta":{"nf_dc_page":"","om_disable_all_campaigns":false,"_monsterinsights_skip_tracking":false,"_monsterinsights_sitenote_active":false,"_monsterinsights_sitenote_note":"","_monsterinsights_sitenote_category":0,"site-sidebar-layout":"default","site-content-layout":"default","ast-site-content-layout":"default","site-content-style":"default","site-sidebar-style":"default","ast-global-header-display":"","ast-banner-title-visibility":"","ast-main-header-display":"","ast-hfb-above-header-display":"","ast-hfb-below-header-display":"","ast-hfb-mobile-header-display":"","site-post-title":"disabled","ast-breadcrumbs-content":"","ast-featured-img":"","footer-sml-layout":"","ast-disable-related-posts":"","theme-transparent-header-meta":"default","adv-header-id-meta":"","stick-header-meta":"","header-above-stick-meta":"","header-main-stick-meta":"","header-below-stick-meta":"","astra-migrate-meta-layouts":"set","ast-page-background-enabled":"default","ast-page-background-meta":{"desktop":{"background-color":"","background-image":"","background-repeat":"repeat","background-position":"center center","background-size":"auto","background-attachment":"scroll","background-type":"","background-media":"","overlay-type":"","overlay-color":"","overlay-opacity":"","overlay-gradient":""},"tablet":{"background-color":"","background-image":"","background-repeat":"repeat","background-position":"center center","background-size":"auto","background-attachment":"scroll","background-type":"","background-media":"","overlay-type":"","overlay-color":"","overlay-opacity":"","overlay-gradient":""},"mobile":{"background-color":"","background-image":"","background-repeat":"repeat","background-position":"center center","background-size":"auto","background-attachment":"scroll","background-type":"","background-media":"","overlay-type":"","overlay-color":"","overlay-opacity":"","overlay-gradient":""}},"ast-content-background-meta":{"desktop":{"background-color":"var(--ast-global-color-5)","background-image":"","background-repeat":"repeat","background-position":"center center","background-size":"auto","background-attachment":"scroll","background-type":"","background-media":"","overlay-type":"","overlay-color":"","overlay-opacity":"","overlay-gradient":""},"tablet":{"background-color":"var(--ast-global-color-5)","background-image":"","background-repeat":"repeat","background-position":"center center","background-size":"auto","background-attachment":"scroll","background-type":"","background-media":"","overlay-type":"","overlay-color":"","overlay-opacity":"","overlay-gradient":""},"mobile":{"background-color":"var(--ast-global-color-5)","background-image":"","background-repeat":"repeat","background-position":"center center","background-size":"auto","background-attachment":"scroll","background-type":"","background-media":"","overlay-type":"","overlay-color":"","overlay-opacity":"","overlay-gradient":""}},"footnotes":""},"class_list":["post-87","page","type-page","status-publish","hentry"],"jetpack_sharing_enabled":true,"_links":{"self":[{"href":"https:\/\/arteconsentido.org\/ciclodemusicos\/index.php?rest_route=\/wp\/v2\/pages\/87","targetHints":{"allow":["GET"]}}],"collection":[{"href":"https:\/\/arteconsentido.org\/ciclodemusicos\/index.php?rest_route=\/wp\/v2\/pages"}],"about":[{"href":"https:\/\/arteconsentido.org\/ciclodemusicos\/index.php?rest_route=\/wp\/v2\/types\/page"}],"author":[{"embeddable":true,"href":"https:\/\/arteconsentido.org\/ciclodemusicos\/index.php?rest_route=\/wp\/v2\/users\/1"}],"replies":[{"embeddable":true,"href":"https:\/\/arteconsentido.org\/ciclodemusicos\/index.php?rest_route=%2Fwp%2Fv2%2Fcomments&post=87"}],"version-history":[{"count":5,"href":"https:\/\/arteconsentido.org\/ciclodemusicos\/index.php?rest_route=\/wp\/v2\/pages\/87\/revisions"}],"predecessor-version":[{"id":796,"href":"https:\/\/arteconsentido.org\/ciclodemusicos\/index.php?rest_route=\/wp\/v2\/pages\/87\/revisions\/796"}],"wp:attachment":[{"href":"https:\/\/arteconsentido.org\/ciclodemusicos\/index.php?rest_route=%2Fwp%2Fv2%2Fmedia&parent=87"}],"curies":[{"name":"wp","href":"https:\/\/api.w.org\/{rel}","templated":true}]}}